{"id":17,"date":"2016-08-11T15:21:19","date_gmt":"2016-08-11T13:21:19","guid":{"rendered":"http:\/\/www.diedesignerei.at\/evelynsbeautyspa\/?page_id=17"},"modified":"2025-01-08T14:44:12","modified_gmt":"2025-01-08T13:44:12","slug":"impressum","status":"publish","type":"page","link":"https:\/\/www.evelynsbeautyspa.at\/en\/impressum\/","title":{"rendered":"Impressum"},"content":{"rendered":"<div class=\"wpb-content-wrapper\"><p>[vc_row css_animation=&#8221;&#8221; row_type=&#8221;row&#8221; use_row_as_full_screen_section=&#8221;no&#8221; type=&#8221;full_width&#8221; angled_section=&#8221;no&#8221; text_align=&#8221;left&#8221; background_image_as_pattern=&#8221;without_pattern&#8221;][vc_column width=&#8221;1\/6&#8243;][\/vc_column][vc_column width=&#8221;2\/3&#8243;][vc_column_text]<\/p>\n<p style=\"text-align: center;\">EVELYN FALKNER<br \/>\nOberwindaustra\u00dfe 11<br \/>\n6450 S\u00f6lden | \u00d6sterreich<\/p>\n<p style=\"text-align: center;\">Tel.: +43 664 509 75 85<br \/>\nE-Mail: info@evelynsbeautyspa.at<br \/>\nwww.evelynsbeautyspa.at<\/p>\n<p style=\"text-align: center;\">[vc_separator type=&#8217;transparent&#8217; position=&#8217;center&#8217; color=&#8221; thickness=&#8221; up=&#8217;10&#8217; down=&#8221;]<\/p>\n<p style=\"text-align: center;\">Kosmetik (Sch\u00f6nheitspflege) gem. \u00a7 94 Z. 42 GewO 1994<br \/>\nnicht im Firmenbuch eingetragenes Einzelunternehmen<\/p>\n<p style=\"text-align: center;\">Mitglied der WK\u00d6, WKT, Landesinnung der Kosmetik, Fu\u00dfpflege, Masseure<br \/>\nGewerbeordnung: <a href=\"http:\/\/www.ris.bka.gv.at\" target=\"_blank\" rel=\"noopener\">www.ris.bka.gv.at<\/a><br \/>\nBezirkshauptmannschaft Imst<br \/>\nMeisterbetrieb, Meisterpr\u00fcfung abgelegt in \u00d6sterreich<\/p>\n<p style=\"text-align: center;\">Verbraucher haben die M\u00f6glichkeit, Beschwerden an die Online-Streitbeilegungsplattform der EU zu richten: <a href=\"http:\/\/ec.europa.eu\/odr\" target=\"_blank\" rel=\"noopener\">http:\/\/ec.europa.eu\/odr<\/a><br \/>\nSie k\u00f6nnen allf\u00e4llige Beschwerden auch an die oben angegebene E-Mail-Adresse richten.<\/p>\n<p style=\"text-align: center;\">[vc_separator type=&#8217;small&#8217; position=&#8217;center&#8217; color=&#8221; thickness=&#8221; up=&#8217;30&#8217; down=&#8217;30&#8217;]<\/p>\n<p style=\"text-align: center;\">F\u00fcr den Inhalt der Website verantwortlich: Evelyn Falkner. Satzfehler und Irrt\u00fcmer vorbehalten.<\/p>\n<p style=\"text-align: center;\">[vc_separator type=&#8217;small&#8217; position=&#8217;center&#8217; color=&#8221; thickness=&#8221; up=&#8217;30&#8217; down=&#8217;30&#8217;]<\/p>\n<h5 style=\"text-align: center;\">Urheberrecht<\/h5>\n<p style=\"text-align: center;\">Der Inhalt dieser Website ist urheberrechtlich gesch\u00fctzt. Die Vervielf\u00e4ltigung von Informationen oder Daten, insbesondere die Verwendung von Bildmaterial, ist nicht gestattet.<\/p>\n<p style=\"text-align: center;\">[vc_separator type=&#8217;transparent&#8217; position=&#8217;center&#8217; color=&#8221; thickness=&#8221; up=&#8217;10&#8217; down=&#8221;]<\/p>\n<h5 style=\"text-align: center;\">Links<\/h5>\n<p style=\"text-align: center;\">Diese Website enth\u00e4lt Links zu externen Webseiten Dritter, auf deren Inhalte von Seiten Evelyn Falkners kein Einfluss besteht. Deshalb kann f\u00fcr diese fremden Inhalte auch keine Gew\u00e4hr \u00fcbernommen werden. F\u00fcr die Inhalte der verlinkten Seiten ist stets der jeweilige Anbieter oder Betreiber der Seite verantwortlich. Die verlinkten Seiten wurden zum Zeitpunkt der Verlinkung auf m\u00f6gliche Rechtsverst\u00f6\u00dfe \u00fcberpr\u00fcft. Rechtswidrige Inhalte waren zum Zeitpunkt der Verlinkung nicht erkennbar. Eine permanente inhaltliche Kontrolle der verlinkten Seiten ist jedoch ohne konkrete Anhaltspunkte einer Rechtsverletzung nicht zumutbar. Bei Bekanntwerden von Rechtsverletzungen werden derartige Links umgehend entfernt.<\/p>\n<p style=\"text-align: center;\">[vc_separator type=&#8217;transparent&#8217; position=&#8217;center&#8217; color=&#8221; thickness=&#8221; up=&#8217;10&#8217; down=&#8221;]<\/p>\n<div class=\"n j-hr\" style=\"text-align: left;\">\n<p style=\"font-size: 13px; text-align: center;\"><strong>Bildernachweis: <\/strong><span style=\"text-decoration: underline;\">Home:<\/span> \u00a9 Yuganov Konstantin\/Shutterstock.com (Intro), \u00a9 popcorner\/Shutterstock.com,\u00a0\u00a9 Africa Studio\/Shutterstock.com (Face), \u00a9 Papa&#8217;Studio\/Fotolia.com (Body), \u00a9 Papa&#8217;Studio\/Fotolia.com (Nails); <span style=\"text-decoration: underline;\">Behandlungen:<\/span> \u00a9 ldutko\/Shutterstock.com (Gesichtsbehandlungen), \u00a9 Oleg Gekman\/Shutterstock.com (Beauty-Extras), \u00a9 g-stockstudio\/Shutterstock.com (Massagen), \u00a9 Africa Studio\/Shutterstock.com (Wellnessb\u00e4der), \u00a9 wavebreakmedia\/Shutterstock.com (K\u00f6rper-Verw\u00f6hnprogramm), \u00a9 Tamara Elnova\/Pexels.com (Pedik\u00fcren)<\/p>\n<p>[vc_separator type=&#8217;transparent&#8217; position=&#8217;center&#8217; color=&#8221; thickness=&#8221; up=&#8217;60&#8217; down=&#8221;]<\/p>\n<p style=\"font-size: 15px; text-align: center;\"><a href=\"http:\/\/www.fein-fein.at\" target=\"_blank\" rel=\"noopener\">Website by fein fein &#x2665;<\/a><\/p>\n<\/div>\n<p>[\/vc_column_text][\/vc_column][vc_column width=&#8221;1\/6&#8243;][\/vc_column][\/vc_row]<\/p>\n<\/div>","protected":false},"excerpt":{"rendered":"<p>[vc_row css_animation=&#8221;&#8221; row_type=&#8221;row&#8221; use_row_as_full_screen_section=&#8221;no&#8221; type=&#8221;full_width&#8221; angled_section=&#8221;no&#8221; text_align=&#8221;left&#8221; background_image_as_pattern=&#8221;without_pattern&#8221;][vc_column width=&#8221;1\/6&#8243;][\/vc_column][vc_column width=&#8221;2\/3&#8243;][vc_column_text] EVELYN FALKNER Oberwindaustra\u00dfe 11 6450 S\u00f6lden | \u00d6sterreich Tel.: +43 664 509 75 85 E-Mail: info@evelynsbeautyspa.at www.evelynsbeautyspa.at [vc_separator type=&#8217;transparent&#8217; position=&#8217;center&#8217; color=&#8221; thickness=&#8221; up=&#8217;10&#8217; down=&#8221;] Kosmetik (Sch\u00f6nheitspflege) gem. \u00a7 94 Z. 42 GewO 1994 nicht im Firmenbuch eingetragenes Einzelunternehmen Mitglied der&#8230;<\/p>\n","protected":false},"author":2,"featured_media":0,"parent":0,"menu_order":50,"comment_status":"closed","ping_status":"closed","template":"","meta":{"footnotes":""},"class_list":["post-17","page","type-page","status-publish","hentry"],"_links":{"self":[{"href":"https:\/\/www.evelynsbeautyspa.at\/en\/wp-json\/wp\/v2\/pages\/17","targetHints":{"allow":["GET"]}}],"collection":[{"href":"https:\/\/www.evelynsbeautyspa.at\/en\/wp-json\/wp\/v2\/pages"}],"about":[{"href":"https:\/\/www.evelynsbeautyspa.at\/en\/wp-json\/wp\/v2\/types\/page"}],"author":[{"embeddable":true,"href":"https:\/\/www.evelynsbeautyspa.at\/en\/wp-json\/wp\/v2\/users\/2"}],"replies":[{"embeddable":true,"href":"https:\/\/www.evelynsbeautyspa.at\/en\/wp-json\/wp\/v2\/comments?post=17"}],"version-history":[{"count":34,"href":"https:\/\/www.evelynsbeautyspa.at\/en\/wp-json\/wp\/v2\/pages\/17\/revisions"}],"predecessor-version":[{"id":16363,"href":"https:\/\/www.evelynsbeautyspa.at\/en\/wp-json\/wp\/v2\/pages\/17\/revisions\/16363"}],"wp:attachment":[{"href":"https:\/\/www.evelynsbeautyspa.at\/en\/wp-json\/wp\/v2\/media?parent=17"}],"curies":[{"name":"wp","href":"https:\/\/api.w.org\/{rel}","templated":true}]}}